{"id":1483,"date":"2019-10-16T16:13:12","date_gmt":"2019-10-16T14:13:12","guid":{"rendered":"https:\/\/the7.io\/company\/?page_id=1483"},"modified":"2022-11-13T10:37:35","modified_gmt":"2022-11-13T09:37:35","slug":"uslugi","status":"publish","type":"page","link":"https:\/\/steelgears.eu\/pl\/uslugi\/","title":{"rendered":"Us\u0142ugi"},"content":{"rendered":"\t\t<div data-elementor-type=\"wp-page\" data-elementor-id=\"1483\" class=\"elementor elementor-1483\" data-elementor-post-type=\"page\">\n\t\t\t\t\t\t<section class=\"elementor-section elementor-top-section elementor-element elementor-element-e6aeaf1 elementor-reverse-tablet elementor-reverse-mobile elementor-section-height-min-height elementor-section-boxed elementor-section-height-default elementor-section-items-middle\" data-id=\"e6aeaf1\" data-element_type=\"section\" data-e-type=\"section\" data-settings=\"{&quot;background_background&quot;:&quot;classic&quot;}\">\n\t\t\t\t\t\t\t<div class=\"elementor-background-overlay\"><\/div>\n\t\t\t\t\t\t\t<div class=\"elementor-container elementor-column-gap-wider\">\n\t\t\t\t\t<div class=\"elementor-column elementor-col-100 elementor-top-column elementor-element elementor-element-218f1e6\" data-id=\"218f1e6\" data-element_type=\"column\" data-e-type=\"column\">\n\t\t\t<div class=\"elementor-widget-wrap elementor-element-populated\">\n\t\t\t\t\t\t<div class=\"elementor-element elementor-element-f20f48f elementor-widget elementor-widget-heading\" data-id=\"f20f48f\" data-element_type=\"widget\" data-e-type=\"widget\" data-widget_type=\"heading.default\">\n\t\t\t\t<div class=\"elementor-widget-container\">\n\t\t\t\t\t<h2 class=\"elementor-heading-title elementor-size-default\">Us\u0142ugi<\/h2>\t\t\t\t<\/div>\n\t\t\t\t<\/div>\n\t\t\t\t<div class=\"elementor-element elementor-element-5246815 elementor-widget elementor-widget-spacer\" data-id=\"5246815\" data-element_type=\"widget\" data-e-type=\"widget\" data-widget_type=\"spacer.default\">\n\t\t\t\t<div class=\"elementor-widget-container\">\n\t\t\t\t\t\t\t<div class=\"elementor-spacer\">\n\t\t\t<div class=\"elementor-spacer-inner\"><\/div>\n\t\t<\/div>\n\t\t\t\t\t\t<\/div>\n\t\t\t\t<\/div>\n\t\t\t\t<div class=\"elementor-element elementor-element-8ce6fb5 elementor-widget elementor-widget-text-editor\" data-id=\"8ce6fb5\" data-element_type=\"widget\" data-e-type=\"widget\" data-widget_type=\"text-editor.default\">\n\t\t\t\t<div class=\"elementor-widget-container\">\n\t\t\t\t\t\t\t\t\t<p>Wiemy jak to zrobi\u0107!<\/p>\t\t\t\t\t\t\t\t<\/div>\n\t\t\t\t<\/div>\n\t\t\t\t\t<\/div>\n\t\t<\/div>\n\t\t\t\t\t<\/div>\n\t\t<\/section>\n\t\t\t\t<section class=\"elementor-section elementor-top-section elementor-element elementor-element-65122d1 elementor-section-boxed elementor-section-height-default elementor-section-height-default\" data-id=\"65122d1\" data-element_type=\"section\" data-e-type=\"section\" data-settings=\"{&quot;background_background&quot;:&quot;classic&quot;}\">\n\t\t\t\t\t\t<div class=\"elementor-container elementor-column-gap-wider\">\n\t\t\t\t\t<div class=\"elementor-column elementor-col-100 elementor-top-column elementor-element elementor-element-c7cb675\" data-id=\"c7cb675\" data-element_type=\"column\" data-e-type=\"column\">\n\t\t\t<div class=\"elementor-widget-wrap elementor-element-populated\">\n\t\t\t\t\t\t<div class=\"elementor-element elementor-element-9c31040 img-align-top image-vertical-align-center slide-h-position-center icon-box-vertical-align-top preserve-img-ratio-cover elementor-widget elementor-widget-the7-elements-simple-posts\" data-id=\"9c31040\" data-element_type=\"widget\" data-e-type=\"widget\" data-widget_type=\"the7-elements-simple-posts.default\">\n\t\t\t\t<div class=\"elementor-widget-container\">\n\t\t\t\t\t<div class=\"the7-simple-widget-posts the7-elementor-widget the7-elements-simple-posts-9c31040 jquery-filter jquery-filter\" data-post-limit=\"-1\" data-pagination-mode=\"none\" data-scroll-offset=\"\" aria-live=\"assertive\">\t\t\t<div class=\"dt-css-grid custom-pagination-handler\" data-columns=\"{&quot;d&quot;:3,&quot;t&quot;:1,&quot;p&quot;:1,&quot;wd&quot;:&quot;&quot;}\">\n\t\t\t\t\t\t\t\t\t<div class=\"wf-cell visible \">\n\t\t\t\t\t\t<article class=\"post visible wrapper post-4990 services type-services status-publish has-post-thumbnail hentry\">\n\n\t\t\t\t\t\t\t<div class=\"post-content-wrapper\">\n\t\t\t\t\t\t\t\t\t\t\t\t\t\t\t\t\t<div class=\"the7-simple-post-thumb\">\n\t\t\t\t\t\t\t\t\t\t<a class=\"post-thumbnail-rollover layzr-bg img-css-resize-wrapper\" aria-label=\"Post image\" href=\"https:\/\/steelgears.eu\/pl\/services\/obrobka-tokarska\/\"><img fetchpriority=\"high\" decoding=\"async\" width=\"450\" height=\"450\" src=\"data:image\/svg+xml,%3Csvg%20xmlns%3D&#039;http%3A%2F%2Fwww.w3.org%2F2000%2Fsvg&#039;%20viewBox%3D&#039;0%200%20450%20450&#039;%2F%3E\" class=\"attachment-full size-full preload-me aspect the7-svg-image lazy lazy-load\" alt=\"\" style=\"--ratio: 450 \/ 450;\" data-src=\"https:\/\/steelgears.eu\/pl\/wp-content\/uploads\/sites\/2\/2022\/10\/art-gear002ems.svg\" loading=\"eager\" \/><span class=\"the7-hover-icon\"><\/span><\/a>\t\t\t\t\t\t\t\t\t<\/div>\n\t\t\t\t\t\t\t\t\t\t\t\t\t\t\t\t<div class=\"post-entry-content\">\n\t\t\t\t\t\t\t\t\t<h3 class=\"heading\"><a href=\"https:\/\/steelgears.eu\/pl\/services\/obrobka-tokarska\/\" rel=\"bookmark\" title=\"Obr\u00f3bka Tokarska\" class=\"post-title\">Obr\u00f3bka Tokarska<\/a><\/h3><p class=\"short-description\"><!--...--><\/p><a href=\"https:\/\/steelgears.eu\/pl\/services\/obrobka-tokarska\/\" target=\"\" aria-label=\"Read more about Obr\u00f3bka Tokarska\" class=\"box-button elementor-button elementor-size-sm\">Wi\u0119cej<\/a>\t\t\t\t\t\t\t\t<\/div>\n\t\t\t\t\t\t\t<\/div>\n\t\t\t\t\t\t<\/article>\n\t\t\t\t\t<\/div>\t\t\t\t\t\t\t\t\t\t<div class=\"wf-cell visible \">\n\t\t\t\t\t\t<article class=\"post visible wrapper post-4989 services type-services status-publish has-post-thumbnail hentry\">\n\n\t\t\t\t\t\t\t<div class=\"post-content-wrapper\">\n\t\t\t\t\t\t\t\t\t\t\t\t\t\t\t\t\t<div class=\"the7-simple-post-thumb\">\n\t\t\t\t\t\t\t\t\t\t<a class=\"post-thumbnail-rollover layzr-bg img-css-resize-wrapper\" aria-label=\"Post image\" href=\"https:\/\/steelgears.eu\/pl\/services\/obrobka-frezerska\/\"><img decoding=\"async\" width=\"450\" height=\"450\" src=\"data:image\/svg+xml,%3Csvg%20xmlns%3D&#039;http%3A%2F%2Fwww.w3.org%2F2000%2Fsvg&#039;%20viewBox%3D&#039;0%200%20450%20450&#039;%2F%3E\" class=\"attachment-full size-full preload-me aspect the7-svg-image lazy lazy-load\" alt=\"\" style=\"--ratio: 450 \/ 450;\" data-src=\"https:\/\/steelgears.eu\/pl\/wp-content\/uploads\/sites\/2\/2022\/10\/art-gear001ems.svg\" loading=\"eager\" \/><span class=\"the7-hover-icon\"><\/span><\/a>\t\t\t\t\t\t\t\t\t<\/div>\n\t\t\t\t\t\t\t\t\t\t\t\t\t\t\t\t<div class=\"post-entry-content\">\n\t\t\t\t\t\t\t\t\t<h3 class=\"heading\"><a href=\"https:\/\/steelgears.eu\/pl\/services\/obrobka-frezerska\/\" rel=\"bookmark\" title=\"Obr\u00f3bka Frezerska\" class=\"post-title\">Obr\u00f3bka Frezerska<\/a><\/h3><p class=\"short-description\"><!--...--><\/p><a href=\"https:\/\/steelgears.eu\/pl\/services\/obrobka-frezerska\/\" target=\"\" aria-label=\"Read more about Obr\u00f3bka Frezerska\" class=\"box-button elementor-button elementor-size-sm\">Wi\u0119cej<\/a>\t\t\t\t\t\t\t\t<\/div>\n\t\t\t\t\t\t\t<\/div>\n\t\t\t\t\t\t<\/article>\n\t\t\t\t\t<\/div>\t\t\t\t\t\t\t\t\t\t<div class=\"wf-cell visible \">\n\t\t\t\t\t\t<article class=\"post visible wrapper post-4988 services type-services status-publish has-post-thumbnail hentry\">\n\n\t\t\t\t\t\t\t<div class=\"post-content-wrapper\">\n\t\t\t\t\t\t\t\t\t\t\t\t\t\t\t\t\t<div class=\"the7-simple-post-thumb\">\n\t\t\t\t\t\t\t\t\t\t<a class=\"post-thumbnail-rollover layzr-bg img-css-resize-wrapper\" aria-label=\"Post image\" href=\"https:\/\/steelgears.eu\/pl\/services\/szlifowanie-inne\/\"><img decoding=\"async\" width=\"450\" height=\"450\" src=\"data:image\/svg+xml,%3Csvg%20xmlns%3D&#039;http%3A%2F%2Fwww.w3.org%2F2000%2Fsvg&#039;%20viewBox%3D&#039;0%200%20450%20450&#039;%2F%3E\" class=\"attachment-full size-full preload-me aspect the7-svg-image lazy lazy-load\" alt=\"\" style=\"--ratio: 450 \/ 450;\" data-src=\"https:\/\/steelgears.eu\/pl\/wp-content\/uploads\/sites\/2\/2022\/10\/art-gear003ems.svg\" loading=\"eager\" \/><span class=\"the7-hover-icon\"><\/span><\/a>\t\t\t\t\t\t\t\t\t<\/div>\n\t\t\t\t\t\t\t\t\t\t\t\t\t\t\t\t<div class=\"post-entry-content\">\n\t\t\t\t\t\t\t\t\t<h3 class=\"heading\"><a href=\"https:\/\/steelgears.eu\/pl\/services\/szlifowanie-inne\/\" rel=\"bookmark\" title=\"Szlifowanie i inne\" class=\"post-title\">Szlifowanie i inne<\/a><\/h3><p class=\"short-description\"><!--...--><\/p><a href=\"https:\/\/steelgears.eu\/pl\/services\/szlifowanie-inne\/\" target=\"\" aria-label=\"Read more about Szlifowanie i inne\" class=\"box-button elementor-button elementor-size-sm\">Wi\u0119cej<\/a>\t\t\t\t\t\t\t\t<\/div>\n\t\t\t\t\t\t\t<\/div>\n\t\t\t\t\t\t<\/article>\n\t\t\t\t\t<\/div>\t\t\t\t\t\t\t\t<\/div>\n\t\t<\/div>\t\t\t\t<\/div>\n\t\t\t\t<\/div>\n\t\t\t\t\t<\/div>\n\t\t<\/div>\n\t\t\t\t\t<\/div>\n\t\t<\/section>\n\t\t\t\t<section class=\"elementor-section elementor-top-section elementor-element elementor-element-3799905 elementor-section-boxed elementor-section-height-default elementor-section-height-default\" data-id=\"3799905\" data-element_type=\"section\" data-e-type=\"section\" data-settings=\"{&quot;background_background&quot;:&quot;classic&quot;}\">\n\t\t\t\t\t\t<div class=\"elementor-container elementor-column-gap-wider\">\n\t\t\t\t\t<div class=\"elementor-column elementor-col-100 elementor-top-column elementor-element elementor-element-f04edd8\" data-id=\"f04edd8\" data-element_type=\"column\" data-e-type=\"column\">\n\t\t\t<div class=\"elementor-widget-wrap elementor-element-populated\">\n\t\t\t\t\t\t<div class=\"elementor-element elementor-element-d647242 elementor-widget elementor-widget-heading\" data-id=\"d647242\" data-element_type=\"widget\" data-e-type=\"widget\" data-widget_type=\"heading.default\">\n\t\t\t\t<div class=\"elementor-widget-container\">\n\t\t\t\t\t<h3 class=\"elementor-heading-title elementor-size-default\">Zobacz co robimy!<\/h3>\t\t\t\t<\/div>\n\t\t\t\t<\/div>\n\t\t\t\t<div class=\"elementor-element elementor-element-c8bf43d elementor-widget elementor-widget-spacer\" data-id=\"c8bf43d\" data-element_type=\"widget\" data-e-type=\"widget\" data-widget_type=\"spacer.default\">\n\t\t\t\t<div class=\"elementor-widget-container\">\n\t\t\t\t\t\t\t<div class=\"elementor-spacer\">\n\t\t\t<div class=\"elementor-spacer-inner\"><\/div>\n\t\t<\/div>\n\t\t\t\t\t\t<\/div>\n\t\t\t\t<\/div>\n\t\t\t\t<div class=\"elementor-element elementor-element-c0998fb elementor-widget elementor-widget-heading\" data-id=\"c0998fb\" data-element_type=\"widget\" data-e-type=\"widget\" data-widget_type=\"heading.default\">\n\t\t\t\t<div class=\"elementor-widget-container\">\n\t\t\t\t\t<span class=\"elementor-heading-title elementor-size-default\">Przyk\u0142adowe produkty<\/span>\t\t\t\t<\/div>\n\t\t\t\t<\/div>\n\t\t\t\t<div class=\"elementor-element elementor-element-ae9de74 elementor-widget elementor-widget-spacer\" data-id=\"ae9de74\" data-element_type=\"widget\" data-e-type=\"widget\" data-widget_type=\"spacer.default\">\n\t\t\t\t<div class=\"elementor-widget-container\">\n\t\t\t\t\t\t\t<div class=\"elementor-spacer\">\n\t\t\t<div class=\"elementor-spacer-inner\"><\/div>\n\t\t<\/div>\n\t\t\t\t\t\t<\/div>\n\t\t\t\t<\/div>\n\t\t\t\t<div class=\"elementor-element elementor-element-f86f950 arrows-relative-to-box_area bullets-small-dot-stroke elementor-widget elementor-widget-the7_elements_carousel\" data-id=\"f86f950\" data-element_type=\"widget\" data-e-type=\"widget\" data-settings=\"{&quot;gap_between_posts&quot;:{&quot;unit&quot;:&quot;px&quot;,&quot;size&quot;:0,&quot;sizes&quot;:[]},&quot;widget_columns&quot;:3,&quot;widget_columns_tablet&quot;:2,&quot;widget_columns_mobile&quot;:1,&quot;gap_between_posts_tablet&quot;:{&quot;unit&quot;:&quot;px&quot;,&quot;size&quot;:&quot;&quot;,&quot;sizes&quot;:[]},&quot;gap_between_posts_mobile&quot;:{&quot;unit&quot;:&quot;px&quot;,&quot;size&quot;:&quot;&quot;,&quot;sizes&quot;:[]}}\" data-widget_type=\"the7_elements_carousel.default\">\n\t\t\t\t<div class=\"elementor-widget-container\">\n\t\t\t\t\t<div class=\"disable-arrows-hover-bg the7_elements_carousel-f86f950 owl-carousel portfolio-carousel-shortcode elementor-owl-carousel-call portfolio-shortcode the7-elementor-widget content-bg-on classic-layout-list description-under-image quick-scale-img meta-info-off enable-bg-rollover\" data-scroll-mode=\"1\" data-auto-height=\"false\" data-speed=\"600\" data-autoplay=\"false\" data-autoplay_speed=\"\"><article class=\"post visible post-2784 dt_portfolio type-dt_portfolio status-publish has-post-thumbnail hentry\">\n\n\t<div class=\"post-thumbnail-wrap\">\n\t\t<div class=\"post-thumbnail\">\n\n\t\t\t<a class=\"post-thumbnail-rollover layzr-bg img-css-resize-wrapper\" aria-label=\"Post image\" href=\"https:\/\/steelgears.eu\/pl\/project\/project001\/\"><img decoding=\"async\" width=\"1500\" height=\"1000\" src=\"data:image\/svg+xml,%3Csvg%20xmlns%3D&#039;http%3A%2F%2Fwww.w3.org%2F2000%2Fsvg&#039;%20viewBox%3D&#039;0%200%201500%201000&#039;%2F%3E\" class=\"attachment-full size-full preload-me aspect lazy lazy-load\" alt=\"\" sizes=\"(max-width: 1500px) 100vw, 1500px\" style=\"--ratio: 1500 \/ 1000;\" data-src=\"https:\/\/steelgears.eu\/pl\/wp-content\/uploads\/sites\/2\/2021\/12\/Detal_1-1.jpg\" loading=\"eager\" data-srcset=\"https:\/\/steelgears.eu\/pl\/wp-content\/uploads\/sites\/2\/2021\/12\/Detal_1-1.jpg 1500w, https:\/\/steelgears.eu\/pl\/wp-content\/uploads\/sites\/2\/2021\/12\/Detal_1-1-300x200.jpg 300w, https:\/\/steelgears.eu\/pl\/wp-content\/uploads\/sites\/2\/2021\/12\/Detal_1-1-1024x683.jpg 1024w, https:\/\/steelgears.eu\/pl\/wp-content\/uploads\/sites\/2\/2021\/12\/Detal_1-1-768x512.jpg 768w\" \/><\/a>\n\t\t<\/div>\n\t<\/div>\n\n\n<div class=\"post-entry-content\">\n\n\t<h4 class=\"ele-entry-title\"><a href=\"https:\/\/steelgears.eu\/pl\/project\/project001\/\" rel=\"bookmark\" title=\"Detal #1\">Detal #1<\/a><\/h4>\n<\/div><\/article><article class=\"post visible post-1936 dt_portfolio type-dt_portfolio status-publish has-post-thumbnail hentry dt_portfolio_category-it\">\n\n\t<div class=\"post-thumbnail-wrap\">\n\t\t<div class=\"post-thumbnail\">\n\n\t\t\t<a class=\"post-thumbnail-rollover layzr-bg img-css-resize-wrapper\" aria-label=\"Post image\" href=\"https:\/\/steelgears.eu\/pl\/project\/project002\/\"><img decoding=\"async\" width=\"1500\" height=\"1000\" src=\"data:image\/svg+xml,%3Csvg%20xmlns%3D&#039;http%3A%2F%2Fwww.w3.org%2F2000%2Fsvg&#039;%20viewBox%3D&#039;0%200%201500%201000&#039;%2F%3E\" class=\"attachment-full size-full preload-me aspect lazy lazy-load\" alt=\"\" sizes=\"(max-width: 1500px) 100vw, 1500px\" style=\"--ratio: 1500 \/ 1000;\" data-src=\"https:\/\/steelgears.eu\/pl\/wp-content\/uploads\/sites\/2\/2022\/11\/Detal_2.jpg\" loading=\"eager\" data-srcset=\"https:\/\/steelgears.eu\/pl\/wp-content\/uploads\/sites\/2\/2022\/11\/Detal_2.jpg 1500w, https:\/\/steelgears.eu\/pl\/wp-content\/uploads\/sites\/2\/2022\/11\/Detal_2-300x200.jpg 300w, https:\/\/steelgears.eu\/pl\/wp-content\/uploads\/sites\/2\/2022\/11\/Detal_2-1024x683.jpg 1024w, https:\/\/steelgears.eu\/pl\/wp-content\/uploads\/sites\/2\/2022\/11\/Detal_2-768x512.jpg 768w\" \/><\/a>\n\t\t<\/div>\n\t<\/div>\n\n\n<div class=\"post-entry-content\">\n\n\t<h4 class=\"ele-entry-title\"><a href=\"https:\/\/steelgears.eu\/pl\/project\/project002\/\" rel=\"bookmark\" title=\"Detal #2\">Detal #2<\/a><\/h4>\n<\/div><\/article><article class=\"post visible post-1926 dt_portfolio type-dt_portfolio status-publish has-post-thumbnail hentry dt_portfolio_category-business\">\n\n\t<div class=\"post-thumbnail-wrap\">\n\t\t<div class=\"post-thumbnail\">\n\n\t\t\t<a class=\"post-thumbnail-rollover layzr-bg img-css-resize-wrapper\" aria-label=\"Post image\" href=\"https:\/\/steelgears.eu\/pl\/project\/project003\/\"><img decoding=\"async\" width=\"1500\" height=\"1000\" src=\"data:image\/svg+xml,%3Csvg%20xmlns%3D&#039;http%3A%2F%2Fwww.w3.org%2F2000%2Fsvg&#039;%20viewBox%3D&#039;0%200%201500%201000&#039;%2F%3E\" class=\"attachment-full size-full preload-me aspect lazy lazy-load\" alt=\"\" sizes=\"(max-width: 1500px) 100vw, 1500px\" style=\"--ratio: 1500 \/ 1000;\" data-src=\"https:\/\/steelgears.eu\/pl\/wp-content\/uploads\/sites\/2\/2022\/11\/Detal_3.jpg\" loading=\"eager\" data-srcset=\"https:\/\/steelgears.eu\/pl\/wp-content\/uploads\/sites\/2\/2022\/11\/Detal_3.jpg 1500w, https:\/\/steelgears.eu\/pl\/wp-content\/uploads\/sites\/2\/2022\/11\/Detal_3-300x200.jpg 300w, https:\/\/steelgears.eu\/pl\/wp-content\/uploads\/sites\/2\/2022\/11\/Detal_3-1024x683.jpg 1024w, https:\/\/steelgears.eu\/pl\/wp-content\/uploads\/sites\/2\/2022\/11\/Detal_3-768x512.jpg 768w\" \/><\/a>\n\t\t<\/div>\n\t<\/div>\n\n\n<div class=\"post-entry-content\">\n\n\t<h4 class=\"ele-entry-title\"><a href=\"https:\/\/steelgears.eu\/pl\/project\/project003\/\" rel=\"bookmark\" title=\"Detal #3\">Detal #3<\/a><\/h4>\n<\/div><\/article><article class=\"post visible post-1928 dt_portfolio type-dt_portfolio status-publish has-post-thumbnail hentry dt_portfolio_category-it\">\n\n\t<div class=\"post-thumbnail-wrap\">\n\t\t<div class=\"post-thumbnail\">\n\n\t\t\t<a class=\"post-thumbnail-rollover layzr-bg img-css-resize-wrapper\" aria-label=\"Post image\" href=\"https:\/\/steelgears.eu\/pl\/project\/project004\/\"><img decoding=\"async\" width=\"1500\" height=\"1000\" src=\"data:image\/svg+xml,%3Csvg%20xmlns%3D&#039;http%3A%2F%2Fwww.w3.org%2F2000%2Fsvg&#039;%20viewBox%3D&#039;0%200%201500%201000&#039;%2F%3E\" class=\"attachment-full size-full preload-me aspect lazy lazy-load\" alt=\"\" sizes=\"(max-width: 1500px) 100vw, 1500px\" style=\"--ratio: 1500 \/ 1000;\" data-src=\"https:\/\/steelgears.eu\/pl\/wp-content\/uploads\/sites\/2\/2022\/11\/Detal_4.jpg\" loading=\"eager\" data-srcset=\"https:\/\/steelgears.eu\/pl\/wp-content\/uploads\/sites\/2\/2022\/11\/Detal_4.jpg 1500w, https:\/\/steelgears.eu\/pl\/wp-content\/uploads\/sites\/2\/2022\/11\/Detal_4-300x200.jpg 300w, https:\/\/steelgears.eu\/pl\/wp-content\/uploads\/sites\/2\/2022\/11\/Detal_4-1024x683.jpg 1024w, https:\/\/steelgears.eu\/pl\/wp-content\/uploads\/sites\/2\/2022\/11\/Detal_4-768x512.jpg 768w\" \/><\/a>\n\t\t<\/div>\n\t<\/div>\n\n\n<div class=\"post-entry-content\">\n\n\t<h4 class=\"ele-entry-title\"><a href=\"https:\/\/steelgears.eu\/pl\/project\/project004\/\" rel=\"bookmark\" title=\"Detal #4\">Detal #4<\/a><\/h4>\n<\/div><\/article><article class=\"post visible post-1930 dt_portfolio type-dt_portfolio status-publish has-post-thumbnail hentry dt_portfolio_category-retail\">\n\n\t<div class=\"post-thumbnail-wrap\">\n\t\t<div class=\"post-thumbnail\">\n\n\t\t\t<a class=\"post-thumbnail-rollover layzr-bg img-css-resize-wrapper\" aria-label=\"Post image\" href=\"https:\/\/steelgears.eu\/pl\/project\/project005\/\"><img decoding=\"async\" width=\"1500\" height=\"1000\" src=\"data:image\/svg+xml,%3Csvg%20xmlns%3D&#039;http%3A%2F%2Fwww.w3.org%2F2000%2Fsvg&#039;%20viewBox%3D&#039;0%200%201500%201000&#039;%2F%3E\" class=\"attachment-full size-full preload-me aspect lazy lazy-load\" alt=\"\" sizes=\"(max-width: 1500px) 100vw, 1500px\" style=\"--ratio: 1500 \/ 1000;\" data-src=\"https:\/\/steelgears.eu\/pl\/wp-content\/uploads\/sites\/2\/2022\/11\/Detal_5.jpg\" loading=\"eager\" data-srcset=\"https:\/\/steelgears.eu\/pl\/wp-content\/uploads\/sites\/2\/2022\/11\/Detal_5.jpg 1500w, https:\/\/steelgears.eu\/pl\/wp-content\/uploads\/sites\/2\/2022\/11\/Detal_5-300x200.jpg 300w, https:\/\/steelgears.eu\/pl\/wp-content\/uploads\/sites\/2\/2022\/11\/Detal_5-1024x683.jpg 1024w, https:\/\/steelgears.eu\/pl\/wp-content\/uploads\/sites\/2\/2022\/11\/Detal_5-768x512.jpg 768w\" \/><\/a>\n\t\t<\/div>\n\t<\/div>\n\n\n<div class=\"post-entry-content\">\n\n\t<h4 class=\"ele-entry-title\"><a href=\"https:\/\/steelgears.eu\/pl\/project\/project005\/\" rel=\"bookmark\" title=\"Detal #5\">Detal #5<\/a><\/h4>\n<\/div><\/article><article class=\"post visible post-1924 dt_portfolio type-dt_portfolio status-publish has-post-thumbnail hentry dt_portfolio_category-retail\">\n\n\t<div class=\"post-thumbnail-wrap\">\n\t\t<div class=\"post-thumbnail\">\n\n\t\t\t<a class=\"post-thumbnail-rollover layzr-bg img-css-resize-wrapper\" aria-label=\"Post image\" href=\"https:\/\/steelgears.eu\/pl\/project\/project006\/\"><img decoding=\"async\" width=\"1500\" height=\"1000\" src=\"data:image\/svg+xml,%3Csvg%20xmlns%3D&#039;http%3A%2F%2Fwww.w3.org%2F2000%2Fsvg&#039;%20viewBox%3D&#039;0%200%201500%201000&#039;%2F%3E\" class=\"attachment-full size-full preload-me aspect lazy lazy-load\" alt=\"\" sizes=\"(max-width: 1500px) 100vw, 1500px\" style=\"--ratio: 1500 \/ 1000;\" data-src=\"https:\/\/steelgears.eu\/pl\/wp-content\/uploads\/sites\/2\/2022\/11\/Detal_6.jpg\" loading=\"eager\" data-srcset=\"https:\/\/steelgears.eu\/pl\/wp-content\/uploads\/sites\/2\/2022\/11\/Detal_6.jpg 1500w, https:\/\/steelgears.eu\/pl\/wp-content\/uploads\/sites\/2\/2022\/11\/Detal_6-300x200.jpg 300w, https:\/\/steelgears.eu\/pl\/wp-content\/uploads\/sites\/2\/2022\/11\/Detal_6-1024x683.jpg 1024w, https:\/\/steelgears.eu\/pl\/wp-content\/uploads\/sites\/2\/2022\/11\/Detal_6-768x512.jpg 768w\" \/><\/a>\n\t\t<\/div>\n\t<\/div>\n\n\n<div class=\"post-entry-content\">\n\n\t<h4 class=\"ele-entry-title\"><a href=\"https:\/\/steelgears.eu\/pl\/project\/project006\/\" rel=\"bookmark\" title=\"Detal #6\">Detal #6<\/a><\/h4>\n<\/div><\/article><\/div><div class=\"owl-nav disabled\"><div class=\"owl-prev\" role=\"button\" tabindex=\"0\" aria-label=\"Prev slide\"><i class=\"fas fa-chevron-left\"><\/i><\/div><div class=\"owl-next\" role=\"button\" tabindex=\"0\" aria-label=\"Next slide\"><i class=\"fas fa-chevron-right\"><\/i><\/div><\/div>\t\t\t\t<\/div>\n\t\t\t\t<\/div>\n\t\t\t\t\t<\/div>\n\t\t<\/div>\n\t\t\t\t\t<\/div>\n\t\t<\/section>\n\t\t\t\t<section class=\"elementor-section elementor-top-section elementor-element elementor-element-d7309c0 elementor-section-boxed elementor-section-height-default elementor-section-height-default\" data-id=\"d7309c0\" data-element_type=\"section\" data-e-type=\"section\" data-settings=\"{&quot;background_background&quot;:&quot;classic&quot;}\">\n\t\t\t\t\t\t\t<div class=\"elementor-background-overlay\"><\/div>\n\t\t\t\t\t\t\t<div class=\"elementor-container elementor-column-gap-wider\">\n\t\t\t\t\t<div class=\"elementor-column elementor-col-100 elementor-top-column elementor-element elementor-element-57f0af4\" data-id=\"57f0af4\" data-element_type=\"column\" data-e-type=\"column\">\n\t\t\t<div class=\"elementor-widget-wrap elementor-element-populated\">\n\t\t\t\t\t\t<div class=\"elementor-element elementor-element-4122c98 elementor-widget__width-initial elementor-widget elementor-widget-heading\" data-id=\"4122c98\" data-element_type=\"widget\" data-e-type=\"widget\" data-widget_type=\"heading.default\">\n\t\t\t\t<div class=\"elementor-widget-container\">\n\t\t\t\t\t<h3 class=\"elementor-heading-title elementor-size-default\">Dowiedz si\u0119 wi\u0119cej!<\/h3>\t\t\t\t<\/div>\n\t\t\t\t<\/div>\n\t\t\t\t<div class=\"elementor-element elementor-element-67aa16e elementor-widget elementor-widget-spacer\" data-id=\"67aa16e\" data-element_type=\"widget\" data-e-type=\"widget\" data-widget_type=\"spacer.default\">\n\t\t\t\t<div class=\"elementor-widget-container\">\n\t\t\t\t\t\t\t<div class=\"elementor-spacer\">\n\t\t\t<div class=\"elementor-spacer-inner\"><\/div>\n\t\t<\/div>\n\t\t\t\t\t\t<\/div>\n\t\t\t\t<\/div>\n\t\t\t\t<div class=\"elementor-element elementor-element-3157002 elementor-widget__width-auto elementor-widget-mobile__width-inherit elementor-widget elementor-widget-heading\" data-id=\"3157002\" data-element_type=\"widget\" data-e-type=\"widget\" data-widget_type=\"heading.default\">\n\t\t\t\t<div class=\"elementor-widget-container\">\n\t\t\t\t\t<p class=\"elementor-heading-title elementor-size-default\">Zadzwo\u0144:<\/p>\t\t\t\t<\/div>\n\t\t\t\t<\/div>\n\t\t\t\t<div class=\"elementor-element elementor-element-de5cc51 elementor-widget__width-auto elementor-widget elementor-widget-heading\" data-id=\"de5cc51\" data-element_type=\"widget\" data-e-type=\"widget\" data-widget_type=\"heading.default\">\n\t\t\t\t<div class=\"elementor-widget-container\">\n\t\t\t\t\t<h4 class=\"elementor-heading-title elementor-size-default\">+001 234 56 78<\/h4>\t\t\t\t<\/div>\n\t\t\t\t<\/div>\n\t\t\t\t<div class=\"elementor-element elementor-element-30e5fdb elementor-align-center elementor-widget__width-auto elementor-widget elementor-widget-the7_button_widget\" data-id=\"30e5fdb\" data-element_type=\"widget\" data-e-type=\"widget\" data-widget_type=\"the7_button_widget.default\">\n\t\t\t\t<div class=\"elementor-widget-container\">\n\t\t\t\t\t<div class=\"elementor-button-wrapper\"><a href=\"https:\/\/steelgears.eu\/pl\/kontakt\/\" class=\"box-button elementor-button elementor-size-lg\">Kontakt on-line<\/a><\/div>\t\t\t\t<\/div>\n\t\t\t\t<\/div>\n\t\t\t\t\t<\/div>\n\t\t<\/div>\n\t\t\t\t\t<\/div>\n\t\t<\/section>\n\t\t\t\t<\/div>\n\t\t","protected":false},"excerpt":{"rendered":"<p>Us\u0142ugi Wiemy jak to zrobi\u0107! Obr\u00f3bka Tokarska Wi\u0119cej Obr\u00f3bka Frezerska Wi\u0119cej Szlifowanie i inne Wi\u0119cej Zobacz co robimy! Przyk\u0142adowe produkty Detal #1 Detal #2 Detal #3 Detal #4 Detal #5 Detal #6 Dowiedz si\u0119 wi\u0119cej! Zadzwo\u0144: +001 234 56 78 Kontakt on-line<\/p>\n","protected":false},"author":1,"featured_media":0,"parent":0,"menu_order":20,"comment_status":"closed","ping_status":"closed","template":"elementor_header_footer","meta":{"footnotes":""},"class_list":["post-1483","page","type-page","status-publish","hentry"],"_links":{"self":[{"href":"https:\/\/steelgears.eu\/pl\/wp-json\/wp\/v2\/pages\/1483","targetHints":{"allow":["GET"]}}],"collection":[{"href":"https:\/\/steelgears.eu\/pl\/wp-json\/wp\/v2\/pages"}],"about":[{"href":"https:\/\/steelgears.eu\/pl\/wp-json\/wp\/v2\/types\/page"}],"author":[{"embeddable":true,"href":"https:\/\/steelgears.eu\/pl\/wp-json\/wp\/v2\/users\/1"}],"replies":[{"embeddable":true,"href":"https:\/\/steelgears.eu\/pl\/wp-json\/wp\/v2\/comments?post=1483"}],"version-history":[{"count":43,"href":"https:\/\/steelgears.eu\/pl\/wp-json\/wp\/v2\/pages\/1483\/revisions"}],"predecessor-version":[{"id":8681,"href":"https:\/\/steelgears.eu\/pl\/wp-json\/wp\/v2\/pages\/1483\/revisions\/8681"}],"wp:attachment":[{"href":"https:\/\/steelgears.eu\/pl\/wp-json\/wp\/v2\/media?parent=1483"}],"curies":[{"name":"wp","href":"https:\/\/api.w.org\/{rel}","templated":true}]}}